{"id":44,"date":"2023-07-11T03:39:09","date_gmt":"2023-07-11T03:39:09","guid":{"rendered":"https:\/\/secundariapersonalizada.edu.mx\/?page_id=44"},"modified":"2024-09-06T17:44:37","modified_gmt":"2024-09-06T17:44:37","slug":"contacto","status":"publish","type":"page","link":"https:\/\/secundariapersonalizada.edu.mx\/index.php\/contacto\/","title":{"rendered":"Contacto"},"content":{"rendered":"\n<h2 class=\"wp-block-heading has-text-color has-medium-font-size\" style=\"color:#000087\"><strong>WhatsApp<\/strong><\/h2>\n\n\n\n<div style=\"height:15px\" aria-hidden=\"true\" class=\"wp-block-spacer\"><\/div>\n\n\n\n<p class=\"has-text-color\" style=\"color:#000087;font-size:16px\">Puedes dar clic en el bot\u00f3n o escanear el c\u00f3digo QR:<\/p>\n\n\n\n<div style=\"height:20px\" aria-hidden=\"true\" class=\"wp-block-spacer\"><\/div>\n\n\n\n<div class=\"wp-block-columns is-layout-flex wp-container-core-columns-is-layout-9d6595d7 wp-block-columns-is-layout-flex\">\n<div class=\"wp-block-column is-vertically-aligned-center is-layout-flow wp-block-column-is-layout-flow\">\n<figure class=\"wp-block-image size-full\"><a href=\"https:\/\/wa.link\/y29dx0\" target=\"_blank\" rel=\"noreferrer noopener\"><img loading=\"lazy\" decoding=\"async\" width=\"808\" height=\"258\" src=\"https:\/\/secundariapersonalizada.edu.mx\/wp-content\/uploads\/2024\/09\/boton_whatsapp.png\" alt=\"\" class=\"wp-image-184\" srcset=\"https:\/\/secundariapersonalizada.edu.mx\/wp-content\/uploads\/2024\/09\/boton_whatsapp.png 808w, https:\/\/secundariapersonalizada.edu.mx\/wp-content\/uploads\/2024\/09\/boton_whatsapp-300x96.png 300w, https:\/\/secundariapersonalizada.edu.mx\/wp-content\/uploads\/2024\/09\/boton_whatsapp-768x245.png 768w\" sizes=\"auto, (max-width: 808px) 100vw, 808px\" \/><\/a><\/figure>\n<\/div>\n\n\n\n<div class=\"wp-block-column is-vertically-aligned-center is-layout-flow wp-block-column-is-layout-flow\"><div class=\"wp-block-image\">\n<figure class=\"aligncenter size-full is-resized\"><img loading=\"lazy\" decoding=\"async\" width=\"300\" height=\"300\" src=\"https:\/\/secundariapersonalizada.edu.mx\/wp-content\/uploads\/2024\/09\/QR-CESP-1.png\" alt=\"\" class=\"wp-image-186\" style=\"width:150px;height:150px\" srcset=\"https:\/\/secundariapersonalizada.edu.mx\/wp-content\/uploads\/2024\/09\/QR-CESP-1.png 300w, https:\/\/secundariapersonalizada.edu.mx\/wp-content\/uploads\/2024\/09\/QR-CESP-1-150x150.png 150w\" sizes=\"auto, (max-width: 300px) 100vw, 300px\" \/><\/figure>\n<\/div><\/div>\n<\/div>\n\n\n\n<hr class=\"wp-block-separator has-alpha-channel-opacity\"\/>\n\n\n<div class=\"wp-block-image\">\n<figure class=\"alignleft size-large is-resized\"><img loading=\"lazy\" decoding=\"async\" width=\"1011\" height=\"1024\" src=\"https:\/\/secundariapersonalizada.edu.mx\/wp-content\/uploads\/2023\/07\/94-943540_iconos-de-telefono-png-icono-de-telefono-azul-1011x1024.png\" alt=\"\" class=\"wp-image-52\" style=\"width:100px;height:100px\"\/><\/figure>\n<\/div>\n\n\n<div class=\"wp-block-group\"><div class=\"wp-block-group__inner-container is-layout-constrained wp-block-group-is-layout-constrained\">\n<div class=\"wp-block-group\"><div class=\"wp-block-group__inner-container is-layout-constrained wp-block-group-is-layout-constrained\">\n<p class=\"has-text-align-center has-text-color\" style=\"color:#06007c;font-size:24px\"><strong>55 5615 8074<\/strong><\/p>\n\n\n\n<p class=\"has-text-align-center has-text-color\" style=\"color:#06007c;font-size:24px\"><strong>55 5615 8075<\/strong><\/p>\n<\/div><\/div>\n<\/div><\/div>\n\n\n\n<div style=\"height:16px\" aria-hidden=\"true\" class=\"wp-block-spacer\"><\/div>\n\n\n\n<hr class=\"wp-block-separator has-alpha-channel-opacity\"\/>\n\n\n\n<div class=\"wp-block-columns is-layout-flex wp-container-core-columns-is-layout-9d6595d7 wp-block-columns-is-layout-flex\">\n<div class=\"wp-block-column is-vertically-aligned-center is-layout-flow wp-block-column-is-layout-flow\" style=\"flex-basis:33.33%\"><div class=\"wp-block-image\">\n<figure class=\"aligncenter size-large is-resized\"><img loading=\"lazy\" decoding=\"async\" width=\"587\" height=\"1024\" src=\"https:\/\/secundariapersonalizada.edu.mx\/wp-content\/uploads\/2023\/07\/Pin-587x1024.png\" alt=\"\" class=\"wp-image-83\" style=\"width:70px;height:120px\" srcset=\"https:\/\/secundariapersonalizada.edu.mx\/wp-content\/uploads\/2023\/07\/Pin-587x1024.png 587w, https:\/\/secundariapersonalizada.edu.mx\/wp-content\/uploads\/2023\/07\/Pin-172x300.png 172w, https:\/\/secundariapersonalizada.edu.mx\/wp-content\/uploads\/2023\/07\/Pin-768x1340.png 768w, https:\/\/secundariapersonalizada.edu.mx\/wp-content\/uploads\/2023\/07\/Pin-881x1536.png 881w, https:\/\/secundariapersonalizada.edu.mx\/wp-content\/uploads\/2023\/07\/Pin-1174x2048.png 1174w, https:\/\/secundariapersonalizada.edu.mx\/wp-content\/uploads\/2023\/07\/Pin.png 1376w\" sizes=\"auto, (max-width: 587px) 100vw, 587px\" \/><\/figure>\n<\/div><\/div>\n\n\n\n<div class=\"wp-block-column is-vertically-aligned-center is-layout-flow wp-block-column-is-layout-flow\" style=\"flex-basis:66.66%\">\n<iframe src=\"https:\/\/www.google.com\/maps\/embed?pb=!1m18!1m12!1m3!1d3763.8359668875664!2d-99.19394093892156!3d19.376254015360704!2m3!1f0!2f0!3f0!3m2!1i1024!2i768!4f13.1!3m3!1m2!1s0x85d2002c07888aa1%3A0xbcfe7345e289a520!2sCentro%20de%20Educacion%20Secundaria%20Personalizada!5e0!3m2!1ses!2smx!4v1689045494911!5m2!1ses!2smx\" width=\"600\" height=\"450\" style=\"border:0;\" allowfullscreen=\"\" loading=\"lazy\" referrerpolicy=\"no-referrer-when-downgrade\"><\/iframe>\n<\/div>\n<\/div>\n\n\n\n<p class=\"has-text-align-center has-white-color has-text-color has-background\" style=\"background-color:#00ab8f;font-size:16px\"><em>Pablo Veron\u00e9s 55, Col. Alfonso XIII, \u00c1lvaro Obreg\u00f3n, 01460 CDMX, M\u00e9xico.<\/em><\/p>\n\n\n\n<hr class=\"wp-block-separator has-alpha-channel-opacity\"\/>\n\n\n\n<h3 class=\"wp-block-heading has-text-color has-medium-font-size\" style=\"color:#000087\"><strong>Redes Sociales<\/strong><\/h3>\n\n\n\n<div class=\"wp-block-columns is-layout-flex wp-container-core-columns-is-layout-9d6595d7 wp-block-columns-is-layout-flex\">\n<div class=\"wp-block-column is-layout-flow wp-block-column-is-layout-flow\"><div class=\"wp-block-image\">\n<figure class=\"aligncenter size-full is-resized\"><a href=\"https:\/\/www.instagram.com\/cesp_secu\/\" target=\"_blank\" rel=\"noreferrer noopener\"><img loading=\"lazy\" decoding=\"async\" width=\"512\" height=\"512\" src=\"https:\/\/secundariapersonalizada.edu.mx\/wp-content\/uploads\/2023\/07\/Logo-instagram.webp\" alt=\"\" class=\"wp-image-89\" style=\"width:150px;height:150px\" srcset=\"https:\/\/secundariapersonalizada.edu.mx\/wp-content\/uploads\/2023\/07\/Logo-instagram.webp 512w, https:\/\/secundariapersonalizada.edu.mx\/wp-content\/uploads\/2023\/07\/Logo-instagram-300x300.webp 300w, https:\/\/secundariapersonalizada.edu.mx\/wp-content\/uploads\/2023\/07\/Logo-instagram-150x150.webp 150w\" sizes=\"auto, (max-width: 512px) 100vw, 512px\" \/><\/a><figcaption class=\"wp-element-caption\"><strong>Instagram Secundaria<\/strong><\/figcaption><\/figure>\n<\/div><\/div>\n\n\n\n<div class=\"wp-block-column is-layout-flow wp-block-column-is-layout-flow\"><div class=\"wp-block-image\">\n<figure class=\"aligncenter size-full is-resized\"><a href=\"https:\/\/www.instagram.com\/cesp_prepa\/\" target=\"_blank\" rel=\"noreferrer noopener\"><img loading=\"lazy\" decoding=\"async\" width=\"1000\" height=\"1000\" src=\"https:\/\/secundariapersonalizada.edu.mx\/wp-content\/uploads\/2023\/07\/Instagram-Logo.png\" alt=\"\" class=\"wp-image-92\" style=\"width:150px;height:150px\" srcset=\"https:\/\/secundariapersonalizada.edu.mx\/wp-content\/uploads\/2023\/07\/Instagram-Logo.png 1000w, https:\/\/secundariapersonalizada.edu.mx\/wp-content\/uploads\/2023\/07\/Instagram-Logo-300x300.png 300w, https:\/\/secundariapersonalizada.edu.mx\/wp-content\/uploads\/2023\/07\/Instagram-Logo-150x150.png 150w, https:\/\/secundariapersonalizada.edu.mx\/wp-content\/uploads\/2023\/07\/Instagram-Logo-768x768.png 768w\" sizes=\"auto, (max-width: 1000px) 100vw, 1000px\" \/><\/a><figcaption class=\"wp-element-caption\"><strong>Instagram Prepa<\/strong><\/figcaption><\/figure>\n<\/div><\/div>\n<\/div>\n","protected":false},"excerpt":{"rendered":"<p>WhatsApp Puedes dar clic en el bot\u00f3n o escanear el c\u00f3digo QR: 55 5615 8074 55 5615 8075 Pablo Veron\u00e9s 55, Col. Alfonso XIII, \u00c1lvaro Obreg\u00f3n, 01460 CDMX, M\u00e9xico. Redes Sociales<\/p>\n","protected":false},"author":1,"featured_media":0,"parent":0,"menu_order":0,"comment_status":"closed","ping_status":"closed","template":"templates\/template-page-full-width.php","meta":{"footnotes":""},"class_list":["post-44","page","type-page","status-publish","hentry"],"_links":{"self":[{"href":"https:\/\/secundariapersonalizada.edu.mx\/index.php\/wp-json\/wp\/v2\/pages\/44","targetHints":{"allow":["GET"]}}],"collection":[{"href":"https:\/\/secundariapersonalizada.edu.mx\/index.php\/wp-json\/wp\/v2\/pages"}],"about":[{"href":"https:\/\/secundariapersonalizada.edu.mx\/index.php\/wp-json\/wp\/v2\/types\/page"}],"author":[{"embeddable":true,"href":"https:\/\/secundariapersonalizada.edu.mx\/index.php\/wp-json\/wp\/v2\/users\/1"}],"replies":[{"embeddable":true,"href":"https:\/\/secundariapersonalizada.edu.mx\/index.php\/wp-json\/wp\/v2\/comments?post=44"}],"version-history":[{"count":25,"href":"https:\/\/secundariapersonalizada.edu.mx\/index.php\/wp-json\/wp\/v2\/pages\/44\/revisions"}],"predecessor-version":[{"id":188,"href":"https:\/\/secundariapersonalizada.edu.mx\/index.php\/wp-json\/wp\/v2\/pages\/44\/revisions\/188"}],"wp:attachment":[{"href":"https:\/\/secundariapersonalizada.edu.mx\/index.php\/wp-json\/wp\/v2\/media?parent=44"}],"curies":[{"name":"wp","href":"https:\/\/api.w.org\/{rel}","templated":true}]}}